{"id":1328,"date":"2023-05-07T17:03:34","date_gmt":"2023-05-07T20:03:34","guid":{"rendered":"https:\/\/luiztarciso.net\/dizimo\/?page_id=1328"},"modified":"2024-09-02T11:21:12","modified_gmt":"2024-09-02T14:21:12","slug":"inicial","status":"publish","type":"page","link":"https:\/\/luiztarciso.net\/dizimo\/","title":{"rendered":"Apresenta\u00e7\u00e3o"},"content":{"rendered":"<hr \/>\n<audio class=\"wp-audio-shortcode\" id=\"audio-1328-1\" preload=\"none\" style=\"width: 100%;\" controls=\"controls\"><source type=\"audio\/mpeg\" src=\"https:\/\/luiztarciso.net\/dizimo\/wp-content\/uploads\/2013\/02\/todos-os-membros-da-Igreja.mp3?_=1\" \/><a href=\"https:\/\/luiztarciso.net\/dizimo\/wp-content\/uploads\/2013\/02\/todos-os-membros-da-Igreja.mp3\">https:\/\/luiztarciso.net\/dizimo\/wp-content\/uploads\/2013\/02\/todos-os-membros-da-Igreja.mp3<\/a><\/audio>\n<p style=\"text-align: center; font-size: 13px;\">Ou\u00e7a o Canto de Entrada para Missa em A\u00e7\u00e3o de Gra\u00e7as com os Dizimistas\u00a0 &#8211; T\u00edtulo &#8220;Grande alegria \u00e9 partilhar&#8221;<\/p>\n<hr \/>\n<h4 style=\"margin-left: 45px; margin-right: 45px; text-align: center;\"><span style=\"color: #000080;\">Dedica\u00e7\u00e3o Filial<\/span><\/h4>\n<h6 style=\"text-align: center;\"><span style=\"color: #999999;\"><img fetchpriority=\"high\" decoding=\"async\" class=\"wp-image-1589 size-full aligncenter\" src=\"https:\/\/luiztarciso.net\/dizimo\/wp-content\/uploads\/2023\/05\/irma-Amalia-NSLagrimas.jpg\" alt=\"\" width=\"960\" height=\"600\" srcset=\"https:\/\/luiztarciso.net\/dizimo\/wp-content\/uploads\/2023\/05\/irma-Amalia-NSLagrimas.jpg 960w, https:\/\/luiztarciso.net\/dizimo\/wp-content\/uploads\/2023\/05\/irma-Amalia-NSLagrimas-300x188.jpg 300w, https:\/\/luiztarciso.net\/dizimo\/wp-content\/uploads\/2023\/05\/irma-Amalia-NSLagrimas-768x480.jpg 768w\" sizes=\"(max-width: 960px) 100vw, 960px\" \/>(Imagem obtida em https:\/\/grupolagrimasdesangue.blogspot.com\/2014\/05\/nossa-senhora-das-lagrimas-irma-amalia.html)<\/span><\/h6>\n<h6 style=\"text-align: justify; margin-left: 45px; margin-right: 45px;\"><span style=\"color: #000080;\">Dedico este site a Nossa Senhora das L\u00e1grimas a quem pe\u00e7o a intercess\u00e3o para que o mesmo produza os frutos para a Igreja que o pr\u00f3prio Senhor o desejar! Convido voc\u00ea que est\u00e1 acessando este site a conhecer e a praticar a devo\u00e7\u00e3o da Coroa das L\u00e1grimas de Nossa Senhora, ensinada por Jesus \u00e0 irm\u00e3 Am\u00e1lia de Jesus Flagelado. (<a href=\"https:\/\/luiztarciso.net\/dizimo\/coroa-das-lagrimas-de-nossa-senhora\/\">clique aqui<\/a>\u00a0e conhe\u00e7a a devo\u00e7\u00e3o).<\/span><\/h6>\n<hr \/>\n<p style=\"text-align: justify; margin-left: 15px; margin-right: 15px; line-height: 180%;\">Seja bem vindo a este espa\u00e7o virtual de anima\u00e7\u00e3o e esclarecimentos sobre a Pastoral do D\u00edzimo de acordo com a doutrina cat\u00f3lica!<br \/>\nA finalidade deste site \u00e9 singelamente oferecer conte\u00fados de forma\u00e7\u00e3o, informa\u00e7\u00e3o e subs\u00eddios pastorais a respeito do D\u00edzimo Cat\u00f3lico.<br \/>\nEstas p\u00e1ginas come\u00e7aram a ser elaboradas de forma singela e sem grandes pretens\u00f5es l\u00e1 pelo ano de 1994, como uma contribui\u00e7\u00e3o a t\u00edtulo pessoal e filial \u00e0 Igreja. Se com o passar do tempo fui adquirindo algumas no\u00e7\u00f5es t\u00e9cnicas que viabilizaram alguma melhoria na apar\u00eancia &#8211; o conte\u00fado n\u00e3o sofreu grandes varia\u00e7\u00f5es desde a primeira publica\u00e7\u00e3o at\u00e9 o ano de 2011, apesar de j\u00e1 ter mudado de endere\u00e7o e de provedor algumas vezes. Na medida do poss\u00edvel e de minhas capacidades e conhecimentos, mais recentemente tenho procurado agregar novos conte\u00fados, al\u00e9m de revisar e atualizar alguns dos textos publicados.<br \/>\nEspero que voc\u00ea se sinta \u00e0 vontade e possa apreciar e usufruir o conte\u00fado disponibilizado.<br \/>\nCordiais sauda\u00e7\u00f5es.<br \/>\nLuiz Tarciso Souza (*)<\/p>\n<p style=\"text-align: justify; font-size: 15px; margin-left: 15px; margin-right: 15px; line-height: 150%;\">(*) Sou um leigo cat\u00f3lico, casado, pai de um casal de filhos e av\u00f4 de dois netos, administrador de empresas aposentado, dizimista e membro da Pastoral do D\u00edzimo da Comunidade S\u00e3o Luiz Gonzaga da <a href=\"https:\/\/paroquiadelourdes.org.br\/\">Par\u00f3quia Nossa Senhora de Lourdes<\/a> \u2013 <a href=\"https:\/\/diocese-sjc.org.br\/\">Diocese de S\u00e3o Jos\u00e9 dos Campos\/SP.<\/a> Graduado em teologia em 2010 pela <a href=\"https:\/\/www.pucsp.br\/universidade\/campus-ipiranga\">Faculdade de Teologia Nossa Senhora da Assun\u00e7\u00e3o<\/a> (atualmente PUC-SP) da <a href=\"http:\/\/www.arquidiocesedesaopaulo.org.br\">Arquidiocese de S\u00e3o Paulo<\/a> e mestre em Teologia\u00a0desde 2013, com \u00eanfase em Hist\u00f3ria Eclesi\u00e1stica contempor\u00e2nea, pela <a href=\"http:\/\/www.pucsp.br\">PUC-SP<\/a>.<\/p>\n<hr \/>\n<p style=\"text-align: justify; margin-left: 15px; margin-right: 15px; line-height: 150%; padding-left: 1px;\"><strong>Nota importante: os textos aqui publicados n\u00e3o se destinam \u00e0 suscitar quaisquer tipos de pol\u00eamicas internas ou com membros de outras igrejas e denomina\u00e7\u00f5es crist\u00e3s que tenham eventualmente distintas concep\u00e7\u00f5es a prop\u00f3sito do D\u00edzimo. Sua finalidade principal consiste em oferecer subs\u00eddios a serem livremente utilizados para finalidades pastorais pelos que se sentem afinados com a Pastoral do D\u00edzimo da Igreja Cat\u00f3lica: dioceses, par\u00f3quias, pastorais e movimentos cat\u00f3licos, desde que seja mencionado o site <strong>www.luiztarciso.net\/dizimo<\/strong> como fonte e que o autor seja informado do uso mediante envio de mensagem pelo e-mail <a href=\"mailto:dizimo@luiztarciso.net\">dizimo@luiztarciso.net<\/a> ou por mensagem registrada na caixa de coment\u00e1rios que existe no rodap\u00e9 de cada texto publicado no site, exceto esta p\u00e1gina introdut\u00f3ria. Outros usos que fujam \u00e0 esta caracteriza\u00e7\u00e3o exigem autoriza\u00e7\u00e3o expressa do autor.<\/strong><\/p>\n<p style=\"text-align: justify; margin-left: 15px; margin-right: 15px; line-height: 150%; padding-left: 1px;\">E a prop\u00f3sito dos coment\u00e1rios registrados nas demais p\u00e1ginas do site, procuro publicar uma resposta logo abaixo dos mesmos t\u00e3o logo alertado pelo sistema que um novo coment\u00e1rio foi postado.<\/p>\n<hr \/>\n<h4 style=\"text-align: justify; line-height: 120%; padding-left: 20px; padding-right: 10px;\"><strong><br \/>\npara ver o conte\u00fado do site<br \/>\n===&gt;<a href=\"https:\/\/luiztarciso.net\/dizimo\/index.html\/\"> \u00a0 clique aqui<\/a><\/strong><\/h4>\n<hr \/>\n","protected":false},"excerpt":{"rendered":"<p>Ou\u00e7a o Canto de Entrada para Missa em A\u00e7\u00e3o de Gra\u00e7as com os Dizimistas\u00a0 &#8211; T\u00edtulo &#8220;Grande alegria \u00e9 partilhar&#8221; Dedica\u00e7\u00e3o Filial (Imagem obtida em https:\/\/grupolagrimasdesangue.blogspot.com\/2014\/05\/nossa-senhora-das-lagrimas-irma-amalia.html) Dedico este site a Nossa Senhora das L\u00e1grimas a quem pe\u00e7o a intercess\u00e3o para que o mesmo produza os frutos para a Igreja que o pr\u00f3prio Senhor o desejar! [&hellip;]<\/p>\n","protected":false},"author":1,"featured_media":0,"parent":0,"menu_order":0,"comment_status":"closed","ping_status":"closed","template":"elementor_canvas","meta":{"om_disable_all_campaigns":false,"_monsterinsights_skip_tracking":false,"_monsterinsights_sitenote_active":false,"_monsterinsights_sitenote_note":"","_monsterinsights_sitenote_category":0,"_uf_show_specific_survey":0,"_uf_disable_surveys":false,"footnotes":""},"class_list":["post-1328","page","type-page","status-publish","hentry"],"aioseo_notices":[],"_links":{"self":[{"href":"https:\/\/luiztarciso.net\/dizimo\/wp-json\/wp\/v2\/pages\/1328","targetHints":{"allow":["GET"]}}],"collection":[{"href":"https:\/\/luiztarciso.net\/dizimo\/wp-json\/wp\/v2\/pages"}],"about":[{"href":"https:\/\/luiztarciso.net\/dizimo\/wp-json\/wp\/v2\/types\/page"}],"author":[{"embeddable":true,"href":"https:\/\/luiztarciso.net\/dizimo\/wp-json\/wp\/v2\/users\/1"}],"replies":[{"embeddable":true,"href":"https:\/\/luiztarciso.net\/dizimo\/wp-json\/wp\/v2\/comments?post=1328"}],"version-history":[{"count":193,"href":"https:\/\/luiztarciso.net\/dizimo\/wp-json\/wp\/v2\/pages\/1328\/revisions"}],"predecessor-version":[{"id":1793,"href":"https:\/\/luiztarciso.net\/dizimo\/wp-json\/wp\/v2\/pages\/1328\/revisions\/1793"}],"wp:attachment":[{"href":"https:\/\/luiztarciso.net\/dizimo\/wp-json\/wp\/v2\/media?parent=1328"}],"curies":[{"name":"wp","href":"https:\/\/api.w.org\/{rel}","templated":true}]}}