{"id":1608,"date":"2023-05-14T20:30:21","date_gmt":"2023-05-14T23:30:21","guid":{"rendered":"https:\/\/luiztarciso.net\/dizimo\/?page_id=1608"},"modified":"2023-05-29T10:41:47","modified_gmt":"2023-05-29T13:41:47","slug":"coroa-das-lagrimas-de-nossa-senhora","status":"publish","type":"page","link":"https:\/\/luiztarciso.net\/dizimo\/coroa-das-lagrimas-de-nossa-senhora\/","title":{"rendered":"Coroa das L\u00e1grimas de Nossa Senhora"},"content":{"rendered":"\n<p align=\"justify\">Irm\u00e3 Am\u00e1lia de Jesus Flagelado, de batismo Am\u00e1lia Aguirre Queija, nasceu em Ri\u00f3s, Espanha em 22 de julho de 1901. Filha de pais piedosos, desde a inf\u00e2ncia j\u00e1 se destacava em piedade e vida de ora\u00e7\u00e3o. Aos 7 anos ela recebeu a sua Primeira Comunh\u00e3o e teve uma vis\u00e3o de Jesus que a convidou para ser exclusivamente sua &#8211; convite que aceitou sem titubear. Mais tarde seus pais tiveram que se mudar para o Brasil devido \u00e0s circunst\u00e2ncias econ\u00f4micas que enfrentavam. Am\u00e1lia, contudo, permaneceu na Espanha cuidando de sua av\u00f3 idosa e de prec\u00e1ria sa\u00fade para uma t\u00e3o longa viagem. Somente ap\u00f3s a morte da av\u00f3 \u00e9 que Am\u00e1lia se juntou aos seus pais no Brasil, nesta altura ainda residentes no Estado da Bahia onde chegou em 16 de junho de 1919, na imin\u00eancia de completar seus 18 anos de vida. Poucos meses depois a fam\u00edlia se mudou para a cidade de Campinas, Estado de S\u00e3o Paulo. Tendo reafirmado sua perten\u00e7a a Jesus ela desejava sem sucesso ingressar em alguma congrega\u00e7\u00e3o religiosa para assumir os votos de freira e s\u00f3 se tranquilizou quando ouviu do pr\u00f3prio Jesus que no prazo de um ano a sua congrega\u00e7\u00e3o que ainda n\u00e3o existia, seria criada. De fato, em conjunto com Dom Francisco de Campos Barreto, bispo de Campinas\/SP, a irm\u00e3 Maria Villac e mais 6 postulantes, irm\u00e3 Am\u00e1lia foi uma das co-fundadoras da Congrega\u00e7\u00e3o das irm\u00e3s de Jesus Crucificado. No dia 08 de novembro de 1929, compareceu ao convento um irm\u00e3o da superiora da casa, irm\u00e3 Maria Villac, em estado de grande abalo emocional em vista de uma grave enfermidade enfrentada por sua esposa, m\u00e3e de 4 filhos e gr\u00e1vida de mais um e nesta altura desenganada pelos m\u00e9dicos. Ouvindo o lamento da irm\u00e3 Villac sobre como ficariam as criancinhas, a irm\u00e3 Am\u00e1lia se comoveu profundamente com a situa\u00e7\u00e3o e em um impulso dirigiu-se \u00e0 capela para clamar a Jesus para que interviesse em favor da mulher moribunda que se viesse a morrer como se preanunciava deixaria filhos \u00f3rf\u00e3os e um desolado marido vi\u00favo. Com alguma dose de ousadia na f\u00e9 ela prop\u00f4s a Jesus que a levasse no lugar da pobrezinha e perguntou o que poderia fazer para alcan\u00e7ar a gra\u00e7a ainda que ofertando a pr\u00f3pria vida para poupar a vida da m\u00e3e. Eis que Jesus a ouviu e em vis\u00e3o lhe apareceu dizendo que aceitava a sua oferta de doa\u00e7\u00e3o da pr\u00f3pria vida, mas n\u00e3o da forma proposta &#8211; entretanto, ela haveria de sofrer muito. Irm\u00e3 Am\u00e1lia ent\u00e3o perguntou a Jesus como deveria pedir para obter o favor desejado. E foi ent\u00e3o que Jesus lhe revelou que muitos atributos de Maria j\u00e1 eram conhecidos e honrados &#8211; mas as suas l\u00e1grimas ainda n\u00e3o tinham sido invocadas sendo estas um verdadeiro tesouro e a quem lhe pedisse qualquer favor em nome das l\u00e1grimas de sua M\u00e3e, Ele se sentiria amorosamente constrangido a acolher e atender. Am\u00e1lia, ent\u00e3o, insistiu com Jesus sobre como ela deveria rezar. Jesus ensinou a ela duas jaculat\u00f3rias que deveriam ser recitadas: &#8220;Meu Jesus, ouvi os nossos rogos pelas l\u00e1grimas de vossa M\u00e3e Sant\u00edssima&#8221; e &#8220;Vede, oh Jesus, que s\u00e3o as l\u00e1grimas daquela que mais Vos amou na terra e mais Vos ama no c\u00e9u&#8221;. Ele ainda asseverou que mais tarde a sua M\u00e3e viria para oferecer um tesouro ao Instituto das irm\u00e3s de Jesus Crucificado. Quatro meses depois, de fato, Nossa Senhora apareceu \u00e0 irm\u00e3 Am\u00e1lia trazendo em suas m\u00e3os o que ela chamou de Coroa das minhas l\u00e1grimas. Se parecia com um ter\u00e7o constitu\u00eddo de contas brancas, sendo 49 pequenas divididas em grupos de 7 intercalados por contas maiores. Depois desse grupo fechado de contas maiores e menores, havia ainda um trio de contas maiores e ao t\u00e9rmino uma imagem de dupla face com Nossa Senhora das L\u00e1grimas de um lado com uma frase ao redor: &#8220;Oh Virgem Doloros\u00edssima, as vossas L\u00e1grimas derrubaram o imp\u00e9rio infernal&#8221; e no outro lado a imagem de Jesus Manietado (de m\u00e3os amarradas) rodeada com a inscri\u00e7\u00e3o &#8220;Por Vossa Mansid\u00e3o Divina, oh Jesus Manietado, salvai o mundo do erro que se acha amea\u00e7ado&#8221;. Nossa Senhora ainda reafirmou a promessa de seu Filho de atender a todos os pedidos feitos a ela por interm\u00e9dio de suas l\u00e1grimas.<\/p><hr><p align=\"justify\">Transcrevo a seguir as ora\u00e7\u00f5es e o modo de rezar a Coroa das L\u00e1grimas de Nossa Senhora conforme descrito no livro da historiadora Rita Elisa Seda, &#8220;Irm\u00e3 Am\u00e1lia e a devo\u00e7\u00e3o a Nossa Senhora das L\u00e1grimas&#8221;, edi\u00e7\u00e3o publicada em 2022 pela Editora Imaculada (pag 172\/173).<\/p><p>Ora\u00e7\u00e3o inicial:<\/p><p align=\"justify\">Eis-nos aqui aos Vossos p\u00e9s, oh dulcissimo Jesus Crucificado, para Vos oferecer as L\u00e1grimas daquela que com tanto amor, Vos acompanhou no caminho doloroso do Calv\u00e1rio. Fazei oh bom Mestre, que saibamos aproveitar as li\u00e7\u00f5es que elas nos d\u00e3o, para que, na Terra, realizando a Vossa sant\u00edssima vontade, possamos um dia no C\u00e9u Vos louvar por toda a eternidade.<\/p>\n<p align=\"justify\">Nas contas brancas (que separam os grupos de 7):<br>\nV\u00eade meu Jesus, s\u00e3o as L\u00e1grimas daquela que mais Vos amou na Terra e que mais Vos ama no C\u00e9u.<\/p>\n<p align=\"justify\">Nas contas brancas (grupos de 7):<br>\nMeu Jesus, ouvi os nossos rogos. Pelas L\u00e1grimas da Vossa M\u00e3e Sant\u00edssima. <\/p>\n<p align=\"justify\">No fim, repete-se tr\u00eas vezes, nas tr\u00eas contas brancas finais: <br>\nV\u00eade meu Jesus, s\u00e3o as L\u00e1grimas daquela que mais Vos amou na Terra e que mais Vos ama no C\u00e9u.<\/p>\n<p align=\"justify\">Ora\u00e7\u00e3o Final:<br>\nVirgem Sant\u00edssima e M\u00e3e das Dores, n\u00f3s Vos pedimos que junteis os Vossos rogos aos nossos, afim de que Jesus, Vosso Divino Filho, a quem nos dirigimos em nome das Vossas L\u00e1grimas de M\u00e3e, ou\u00e7a as nossas preces e nos conceda, com as gra\u00e7as que desejamos, a cor\u00f4a eterna. Assim seja. Am\u00e9m!<\/p>\n<p align=\"justify\">Jaculat\u00f3rias finais (rezar contemplando e beijando a medalha): <br>\n* Por Vossa mansid\u00e3o divina, oh Jesus Manietado, salvai o mundo do erro que se acha amea\u00e7ado!<br><br>\n* Oh Virgem Doloros\u00edssima, as Vossas L\u00e1grimas derrubaram o imp\u00e9rio infernal! (s\u00e3o as inscri\u00e7\u00f5es que constam na medalha).<\/p><br><hr><p align=\"center\">\nE uma ilustra\u00e7\u00e3o ajuda bastante tamb\u00e9m &#8211; neste caso uma descoberta de meu sobrinho afilhado, Cesar An\u00edbal de Souza:<br><\/p>\n\n\n\n<figure class=\"wp-block-image aligncenter size-large\"><a href=\"https:\/\/luiztarciso.net\/dizimo\/wp-content\/uploads\/2023\/05\/coroa-das-lagrimas.jpg\"><img fetchpriority=\"high\" decoding=\"async\" width=\"1024\" height=\"1024\" src=\"https:\/\/luiztarciso.net\/dizimo\/wp-content\/uploads\/2023\/05\/coroa-das-lagrimas-1024x1024.jpg\" alt=\"\" class=\"wp-image-1664\" srcset=\"https:\/\/luiztarciso.net\/dizimo\/wp-content\/uploads\/2023\/05\/coroa-das-lagrimas-1024x1024.jpg 1024w, https:\/\/luiztarciso.net\/dizimo\/wp-content\/uploads\/2023\/05\/coroa-das-lagrimas-300x300.jpg 300w, https:\/\/luiztarciso.net\/dizimo\/wp-content\/uploads\/2023\/05\/coroa-das-lagrimas-150x150.jpg 150w, https:\/\/luiztarciso.net\/dizimo\/wp-content\/uploads\/2023\/05\/coroa-das-lagrimas-768x768.jpg 768w, https:\/\/luiztarciso.net\/dizimo\/wp-content\/uploads\/2023\/05\/coroa-das-lagrimas-1536x1536.jpg 1536w, https:\/\/luiztarciso.net\/dizimo\/wp-content\/uploads\/2023\/05\/coroa-das-lagrimas.jpg 1600w\" sizes=\"(max-width: 1024px) 100vw, 1024px\" \/><\/a><\/figure>\n\n\n\n<\/p>\n<p>\n\n\n","protected":false},"excerpt":{"rendered":"<p>Irm\u00e3 Am\u00e1lia de Jesus Flagelado, de batismo Am\u00e1lia Aguirre Queija, nasceu em Ri\u00f3s, Espanha em 22 de julho de 1901. Filha de pais piedosos, desde a inf\u00e2ncia j\u00e1 se destacava em piedade e vida de ora\u00e7\u00e3o. Aos 7 anos ela recebeu a sua Primeira Comunh\u00e3o e teve uma vis\u00e3o de Jesus que a convidou para [&hellip;]<\/p>\n","protected":false},"author":1,"featured_media":0,"parent":0,"menu_order":0,"comment_status":"open","ping_status":"closed","template":"","meta":{"om_disable_all_campaigns":false,"_monsterinsights_skip_tracking":false,"_monsterinsights_sitenote_active":false,"_monsterinsights_sitenote_note":"","_monsterinsights_sitenote_category":0,"_uf_show_specific_survey":0,"_uf_disable_surveys":false,"footnotes":""},"class_list":["post-1608","page","type-page","status-publish","hentry"],"aioseo_notices":[],"_links":{"self":[{"href":"https:\/\/luiztarciso.net\/dizimo\/wp-json\/wp\/v2\/pages\/1608","targetHints":{"allow":["GET"]}}],"collection":[{"href":"https:\/\/luiztarciso.net\/dizimo\/wp-json\/wp\/v2\/pages"}],"about":[{"href":"https:\/\/luiztarciso.net\/dizimo\/wp-json\/wp\/v2\/types\/page"}],"author":[{"embeddable":true,"href":"https:\/\/luiztarciso.net\/dizimo\/wp-json\/wp\/v2\/users\/1"}],"replies":[{"embeddable":true,"href":"https:\/\/luiztarciso.net\/dizimo\/wp-json\/wp\/v2\/comments?post=1608"}],"version-history":[{"count":52,"href":"https:\/\/luiztarciso.net\/dizimo\/wp-json\/wp\/v2\/pages\/1608\/revisions"}],"predecessor-version":[{"id":1718,"href":"https:\/\/luiztarciso.net\/dizimo\/wp-json\/wp\/v2\/pages\/1608\/revisions\/1718"}],"wp:attachment":[{"href":"https:\/\/luiztarciso.net\/dizimo\/wp-json\/wp\/v2\/media?parent=1608"}],"curies":[{"name":"wp","href":"https:\/\/api.w.org\/{rel}","templated":true}]}}