{"id":431,"date":"2012-04-11T16:14:56","date_gmt":"2012-04-11T19:14:56","guid":{"rendered":"http:\/\/luiztarciso.net\/dizimo\/?page_id=431"},"modified":"2012-04-11T16:14:56","modified_gmt":"2012-04-11T19:14:56","slug":"mensagens_coments","status":"publish","type":"page","link":"https:\/\/luiztarciso.net\/dizimo\/mensagens_coments\/","title":{"rendered":"mensagens_coments"},"content":{"rendered":"<p>Marineide Meneses (187.79.25.85)<br \/>\nBravo! adorei oq encontrei aqui, era exatamente o que eu procurava, sou coordenadora da pastoral do d\u00edzimo da minha igreja e buscava algo pra reavivar a pastoral e tudo o que eu queria encontrei aqui, obrigada gente que Deus aben\u00e7oe todos vcs. Ha! a minha par\u00f3quia \u00e9: Menino Jesus de Praga em Maracana\u00fa-Cear\u00e1. Abra\u00e7os.<br \/>\n19-03-2012, 12:06:50<br \/>\n<\/p>\n<hr>\n<p>pedro rodrigues (187.78.202.189)<br \/>\neu fico muito emocionado quando encontro algu\u00e9m com firmesa na sua f\u00e9 cat\u00f3lica, porque eu tamb\u00e9m fa\u00e7o parte da pastoral do d\u00edzimo aqu\u00ed na minha par\u00f3quia s\u00e3o joa\u00f5 batista em petrolina-pe. valeu, gostei!<br \/>\n08-01-2012, 12:43:40<br \/>\n<\/p>\n<hr>\n<p>Jaqueline de Figueiredo par\u00f3quia S\u00e3o Sebastia\u00e3o-Araruama -RJ (186.193.56.143)<br \/>\nGostei muito, pois s\u00e3o palavras que procurava para propagar em minha comunidade, haja visto que sou agente coletora do d\u00edzimo e todo terceiro domingo ofertamos os irm\u00e3os com alguim texto de encorajamento e reflex\u00e3o.<br \/>\nSe me for permitido, gostaria de poder utilizar este de n\u00ba 3, pois achei muito pertinente.<br \/>\nUm forte abra\u00e7o e muitas ben\u00e7\u00e3os de Nosso Senhor Jesus Cristo!<br \/>\n18-11-2011, 22:29:26<br \/>\n<\/p>\n<hr>\n<p>margarida paroquia cristo salvador cerej. ro (200.101.81.113)<br \/>\nO tempo que perdemos, e a energia que gastamos , os talentos que cansamos, \u00e9 o resultado de uma Paroquia sem disimistas concientes. Se todos pensasem como voce aconteceria o mais belo dos milagres, uma Paroquia que evangeliza, que busca nas dimensoes do dizimo acontecer essa vida no outro. Parabens pela sua mensagem, e muito maravilhosa! amem.<br \/>\n13-11-2011, 00:05:40<br \/>\n<\/p>\n<hr>\n<p>M\u00aa Madalena &#8211; n. andradina &#8211; ms (187.54.216.103)<br \/>\n\u00d3timo artigo, realmente precisamos difundir o valor do dizimo, a importancia de ser dizimista de cora\u00e7\u00e3o, digo sempre que quando abrimos nossa m\u00e3o para devolver de cora\u00e7\u00e3o aberto, ficamos em condi\u00e7\u00f5es de receber sempre mais&#8230;..<br \/>\n01-11-2011, 23:28:01<br \/>\n<\/p>\n<hr>\n<p>Lourival (186.194.13.189)<br \/>\nMuito bom o artigo precisamos divulgar mais o valor do d\u00edzimo e seus frutos dentro da fam\u00edlia, em ben\u00e7\u00f5as do Pai, e convers\u00e3o dos que confiam em Deus\/Pai<br \/>\n06-08-2011, 19:09:47<br \/>\n<\/p>\n<hr>\n<p>Luciane (189.25.178.109)<br \/>\noi bom dia, maravilhoso seu trabalho pela net.<br \/>\n06-08-2011, 10:12:29<br \/>\n<\/p>\n<hr>\n<p>cleuza par\u00f3quia santana a.campo (201.59.113.186)<br \/>\nparab\u00e9ns pelas mensagens elas s\u00e3o muito importantes para n\u00f3s.<br \/>\n10-10-2010, 16:35:48<br \/>\n<\/p>\n<hr>\n<p>Convidado (189.31.188.147)<br \/>\nParab\u00e9ns, suas mensagens s\u00e3o \u00f3tima vou usa-la  nos nossos encontros mensais da Pastoral do D\u00edzimo.<br \/>\n22-09-2010, 10:23:04<br \/>\n<\/p>\n<hr>\n<p>nadir.valentim@hotmail.com (187.79.63.15)<br \/>\nEstas mensagens sao maravilhosa, nos mostra como devemos seguir na pastoral do d\u00edzimo, pois nos estamos precisando muito de orienta\u00e7\u00f5es neste fim.<br \/>\nGrata Nadir<br \/>\n18-09-2010, 11:23:28<br \/>\n<\/p>\n<hr>\n<p>Maria Abadia F. Silva (201.11.150.224)<br \/>\nGostei muito desse artigo por que ele nos leva a refletir muito sobre a realidade enfrentada pela maioria de par\u00f3quia brasileiras. A terrivel falta de  dinheiro mensal para a manutens\u00e3o das dispesas mensais.<br \/>\n22-08-2010, 21:32:04<br \/>\n<\/p>\n<hr>\n<p>danielle araujo (187.116.215.234)<br \/>\ndeus esta com vo\u00e7es para esse tempo deus ama vcs &#8230;&#8230;&#8230;.<br \/>\n10-08-2010, 20:43:32<br \/>\n<\/p>\n<hr>\n<p>fernanda marinho (187.116.215.234)<br \/>\namei a sua reflex\u00e3o faz mais que deus continue aben\u00e7ando poderosamente<br \/>\n10-08-2010, 20:40:53<br \/>\n<\/p>\n<hr>\n<p>Rosi Paganini (189.115.27.188)<br \/>\nGostei muito dos textos, s\u00e3o bem elaborados e toc\u00e3o no cora\u00e7\u00e3o de quem esta lendo. Parab\u00e9ns. Muitas vezes n\u00e3o encontramos inspira\u00e7\u00e3o para prepararmos nossas celebra\u00e7\u00f5es e com a juda de quem sabe melhora muito. Atenciosamente Rosi<br \/>\n30-06-2010, 18:01:17<br \/>\n<\/p>\n<hr>\n<p>maria leal (187.40.126.79)<br \/>\ngostei muito desses textos. mas  o que fazer para que os leigos que se dizem conscientes aprendam a devolver o dizimo.gostaria que enviasse mais textos sobre essa realidade<br \/>\n24-06-2010, 10:15:38<br \/>\n<\/p>\n<hr>\n<p>Pe. Joel Nery (187.3.64.69)<br \/>\nCar\u00edssimo Luiz Tarciso Souza,<br \/>\nPublicamos um sos teus coment\u00e1rios sobre o d\u00edzimo em nosso seman\u00e1rio lit\u00fargico diocesanoo. ABC Lit\u00fargico.<br \/>\nPe. Joel Nery<br \/>\nAssessor da Pastorla lit\u00fargica da diocese de Santo Andr\u00e9.<br \/>\n02-06-2010, 10:57:35<\/p>\n","protected":false},"excerpt":{"rendered":"<p>Marineide Meneses (187.79.25.85) Bravo! adorei oq encontrei aqui, era exatamente o que eu procurava, sou coordenadora da pastoral do d\u00edzimo da minha igreja e buscava algo pra reavivar a pastoral e tudo o que eu queria encontrei aqui, obrigada gente que Deus aben\u00e7oe todos vcs. Ha! a minha par\u00f3quia \u00e9: Menino Jesus de Praga em [&hellip;]<\/p>\n","protected":false},"author":1,"featured_media":0,"parent":0,"menu_order":0,"comment_status":"open","ping_status":"open","template":"1l1r-sidebar.php","meta":{"om_disable_all_campaigns":false,"_monsterinsights_skip_tracking":false,"_monsterinsights_sitenote_active":false,"_monsterinsights_sitenote_note":"","_monsterinsights_sitenote_category":0,"_uf_show_specific_survey":0,"_uf_disable_surveys":false,"footnotes":""},"class_list":["post-431","page","type-page","status-publish","hentry"],"aioseo_notices":[],"_links":{"self":[{"href":"https:\/\/luiztarciso.net\/dizimo\/wp-json\/wp\/v2\/pages\/431","targetHints":{"allow":["GET"]}}],"collection":[{"href":"https:\/\/luiztarciso.net\/dizimo\/wp-json\/wp\/v2\/pages"}],"about":[{"href":"https:\/\/luiztarciso.net\/dizimo\/wp-json\/wp\/v2\/types\/page"}],"author":[{"embeddable":true,"href":"https:\/\/luiztarciso.net\/dizimo\/wp-json\/wp\/v2\/users\/1"}],"replies":[{"embeddable":true,"href":"https:\/\/luiztarciso.net\/dizimo\/wp-json\/wp\/v2\/comments?post=431"}],"version-history":[{"count":1,"href":"https:\/\/luiztarciso.net\/dizimo\/wp-json\/wp\/v2\/pages\/431\/revisions"}],"predecessor-version":[{"id":432,"href":"https:\/\/luiztarciso.net\/dizimo\/wp-json\/wp\/v2\/pages\/431\/revisions\/432"}],"wp:attachment":[{"href":"https:\/\/luiztarciso.net\/dizimo\/wp-json\/wp\/v2\/media?parent=431"}],"curies":[{"name":"wp","href":"https:\/\/api.w.org\/{rel}","templated":true}]}}