{"id":585,"date":"2012-04-13T16:32:26","date_gmt":"2012-04-13T19:32:26","guid":{"rendered":"http:\/\/luiztarciso.net\/dizimo\/?page_id=585"},"modified":"2012-04-13T17:11:48","modified_gmt":"2012-04-13T20:11:48","slug":"caracteristicas-html","status":"publish","type":"page","link":"https:\/\/luiztarciso.net\/dizimo\/caracteristicas-html\/","title":{"rendered":"Algumas caracter\u00edsticas do D\u00edzimo enquanto uma pastoral cat\u00f3lica"},"content":{"rendered":"<p style=\"text-align: justify; margin-left: 30px; margin-right: 30px; line-height: 250%;\">\n1) &#8211;  H\u00e1 que se constatar primeiramente que o D\u00edzimo desejado pela Igreja n\u00e3o tem exatamente as mesmas regras do D\u00edzimo do Antigo Testamento e tampouco as regras do D\u00edzimo que vigoraram antes do seu esvaziamento na Igreja, com regras precisas, obriga\u00e7\u00e3o jur\u00eddica e san\u00e7\u00e3o correspondente.\n<\/p>\n<p style=\"text-align: justify; margin-left: 30px; margin-right: 30px; line-height: 250%;\">\n2) Na vis\u00e3o atual a Igreja deseja que se constitua como um dom religioso e n\u00e3o em uma imposi\u00e7\u00e3o jur\u00eddica.\n<\/p>\n<p style=\"text-align: justify; margin-left: 30px; margin-right: 30px; line-height: 250%;\">\n3)  Ou seja, o cat\u00f3lico \u00e9 incentivado a ser dizimista e n\u00e3o coagido a s\u00ea-lo.\n<\/p>\n<p style=\"text-align: justify; margin-left: 30px; margin-right: 30px; line-height: 250%;\">\n4) Na forma em que a Igreja deseja resgatar o princ\u00edpio do D\u00edzimo, ele j\u00e1 n\u00e3o se configura em um percentual e sim num valor discernido pelo dizimista como o mais justo para a sua contribui\u00e7\u00e3o regular e sistem\u00e1tica.\n<\/p>\n<p style=\"text-align: justify; margin-left: 30px; margin-right: 30px; line-height: 250%;\">\n5) A inten\u00e7\u00e3o dos pastores da nossa Igreja no Brasil \u00e9 que se forme a consci\u00eancia dos cat\u00f3licos no sentido de que o D\u00edzimo deva ser a principal, sem ser exclusiva, fonte de sustenta\u00e7\u00e3o da a\u00e7\u00e3o pastoral da Igreja.\n<\/p>\n<p style=\"text-align: justify; margin-left: 30px; margin-right: 30px; line-height: 250%;\">\n6) Isso implica em um processo gradual e lento que deve ir progressivamente substituindo outras formas de sustenta\u00e7\u00e3o da Igreja, geralmente de cunho pouco ou nenhum pouco religioso.\n<\/p>\n<p style=\"text-align: justify; margin-left: 30px; margin-right: 30px; line-height: 250%;\">\n7) Importa salientar que aos dizimistas n\u00e3o sejam oferecidos privil\u00e9gios especiais em detrimento dos membros n\u00e3o dizimistas das comunidades.\n<\/p>\n<p style=\"text-align: justify; margin-left: 30px; margin-right: 30px; line-height: 250%;\">\n8] \u201cA supera\u00e7\u00e3o do sistema de taxas pelo do d\u00edzimo adquire, assim, um sentido pastoral essencial. Ele \u00e9 muito mais aut\u00eantico e verdadeiro para expressar a verdadeira liga\u00e7\u00e3o do crist\u00e3o com a Igreja, onde vive o mist\u00e9rio da salva\u00e7\u00e3o. A contribui\u00e7\u00e3o, atrav\u00e9s do d\u00edzimo, ressalta muito mais a liga\u00e7\u00e3o com a comunidade concreta atrav\u00e9s da qual vive sua inser\u00e7\u00e3o no mist\u00e9rio da Igreja Universal. O estabelecimento do d\u00edzimo seria assim um instrumento pr\u00e1tico de inestim\u00e1vel valor na supera\u00e7\u00e3o do individualismo crist\u00e3o e na promo\u00e7\u00e3o da pastoral de comunidade. A um s\u00f3 tempo, ele seria express\u00e3o do conte\u00fado comunit\u00e1rio j\u00e1 existente e o elemento pedag\u00f3gico da forma\u00e7\u00e3o e aprofundamento do esp\u00edrito comunit\u00e1rio.\u201d ( Estudos da CNBB Doc. 8 &#8211; Pastoral do D\u00edzimo).\n<\/p>\n<p style=\"text-align: justify; margin-left: 30px; margin-right: 30px; line-height: 250%;\">\n9) \u201cEm termos pr\u00e1ticos, a conscientiza\u00e7\u00e3o para o d\u00edzimo n\u00e3o \u00e9 uma simples etapa anterior \u00e0 sua implanta\u00e7\u00e3o, mas um trabalho constante da comunidade junto a seus membros\u201d (idem).\n<\/p>\n<p style=\"text-align: justify; margin-left: 30px; margin-right: 30px; line-height: 250%;\">\n10) H\u00e1 que se cuidar com muito zelo para que a pastoral do d\u00edzimo n\u00e3o adquira na comunidade uma mentalidade farisaica, oferecendo aos agentes da pastoral e aos dizimistas uma consci\u00eancia do dever cumprido, de estar quites com Deus e com a Igreja, com o consequente fechamento \u00e0 generosidade sempre exigente da f\u00e9. Mais ainda, pode levar a uma atitude de dono da Igreja (porque contribui fielmente) com imposi\u00e7\u00e3o de normas e padr\u00f5es de privil\u00e9gio dentro da vida da comunidade ou por ocasi\u00e3o do uso de espa\u00e7os ou administra\u00e7\u00e3o dos sacramentos. Seria algo como a mentalidade do contribuinte, que n\u00e3o espera nem busca com humildade, mas tem a consci\u00eancia de um direito e passa a exigir e criticar quando os servi\u00e7os prestados n\u00e3o coincidem com os seus pr\u00f3prios gostos.\n<\/p>\n<hr>\n<blockquote>\n<p style=\"margin-left: 30px; margin-right: 30px; line-height: 200%; text-align: justify;\"><span style=\"color: #808080;\">Por favor, para me ajudar a melhorar o conte\u00fado do site, manifeste seu elogio, sugest\u00e3o ou cr\u00edtica sobre este artigo &#8211; utilizando o formul\u00e1rio de coment\u00e1rios abaixo. E, ao comentar, informe tamb\u00e9m o nome de sua par\u00f3quia, cidade e estado. Muito obrigado pela colabora\u00e7\u00e3o!<\/span><\/p>\n<\/blockquote>\n","protected":false},"excerpt":{"rendered":"<p>1) &#8211; H\u00e1 que se constatar primeiramente que o D\u00edzimo desejado pela Igreja n\u00e3o tem exatamente as mesmas regras do D\u00edzimo do Antigo Testamento e tampouco as regras do D\u00edzimo que vigoraram antes do seu esvaziamento na Igreja, com regras precisas, obriga\u00e7\u00e3o jur\u00eddica e san\u00e7\u00e3o correspondente. 2) Na vis\u00e3o atual a Igreja deseja que se [&hellip;]<\/p>\n","protected":false},"author":1,"featured_media":0,"parent":0,"menu_order":0,"comment_status":"open","ping_status":"open","template":"","meta":{"om_disable_all_campaigns":false,"_monsterinsights_skip_tracking":false,"_monsterinsights_sitenote_active":false,"_monsterinsights_sitenote_note":"","_monsterinsights_sitenote_category":0,"_uf_show_specific_survey":0,"_uf_disable_surveys":false,"footnotes":""},"class_list":["post-585","page","type-page","status-publish","hentry"],"aioseo_notices":[],"_links":{"self":[{"href":"https:\/\/luiztarciso.net\/dizimo\/wp-json\/wp\/v2\/pages\/585","targetHints":{"allow":["GET"]}}],"collection":[{"href":"https:\/\/luiztarciso.net\/dizimo\/wp-json\/wp\/v2\/pages"}],"about":[{"href":"https:\/\/luiztarciso.net\/dizimo\/wp-json\/wp\/v2\/types\/page"}],"author":[{"embeddable":true,"href":"https:\/\/luiztarciso.net\/dizimo\/wp-json\/wp\/v2\/users\/1"}],"replies":[{"embeddable":true,"href":"https:\/\/luiztarciso.net\/dizimo\/wp-json\/wp\/v2\/comments?post=585"}],"version-history":[{"count":4,"href":"https:\/\/luiztarciso.net\/dizimo\/wp-json\/wp\/v2\/pages\/585\/revisions"}],"predecessor-version":[{"id":590,"href":"https:\/\/luiztarciso.net\/dizimo\/wp-json\/wp\/v2\/pages\/585\/revisions\/590"}],"wp:attachment":[{"href":"https:\/\/luiztarciso.net\/dizimo\/wp-json\/wp\/v2\/media?parent=585"}],"curies":[{"name":"wp","href":"https:\/\/api.w.org\/{rel}","templated":true}]}}